{"id":3635,"date":"2023-06-01T17:45:43","date_gmt":"2023-06-01T15:45:43","guid":{"rendered":"https:\/\/prescot.pl\/om-foretaget\/"},"modified":"2023-06-02T09:15:58","modified_gmt":"2023-06-02T07:15:58","slug":"om-foretaget","status":"publish","type":"page","link":"https:\/\/prescot.pl\/sv\/om-foretaget\/","title":{"rendered":"Om f\u00f6retaget"},"content":{"rendered":"","protected":false},"excerpt":{"rendered":"","protected":false},"author":1,"featured_media":0,"parent":0,"menu_order":0,"comment_status":"closed","ping_status":"closed","template":"template-ofirmie.php","meta":{"_acf_changed":false,"footnotes":""},"class_list":["post-3635","page","type-page","status-publish","hentry"],"acf":[],"yoast_head":"<!-- This site is optimized with the Yoast SEO plugin v27.4 - https:\/\/yoast.com\/product\/yoast-seo-wordpress\/ -->\n<title>Om f\u00f6retaget &#8211; Prescot - Tillverkare och import\u00f6r av LED-belysning<\/title>\n<meta name=\"description\" content=\"Vi \u00e4r en polsk tillverkare och import\u00f6r av ledbelysning f\u00f6r ett brett spektrum av applikationer i b\u00e5de industriella och privata milj\u00f6er.\" \/>\n<meta name=\"robots\" content=\"index, follow, max-snippet:-1, max-image-preview:large, max-video-preview:-1\" \/>\n<link rel=\"canonical\" href=\"https:\/\/prescot.pl\/sv\/om-foretaget\/\" \/>\n<meta property=\"og:locale\" content=\"sv_SE\" \/>\n<meta property=\"og:type\" content=\"article\" \/>\n<meta property=\"og:title\" content=\"Om f\u00f6retaget &#8211; Prescot - Tillverkare och import\u00f6r av LED-belysning\" \/>\n<meta property=\"og:description\" content=\"Vi \u00e4r en polsk tillverkare och import\u00f6r av ledbelysning f\u00f6r ett brett spektrum av applikationer i b\u00e5de industriella och privata milj\u00f6er.\" \/>\n<meta property=\"og:url\" content=\"https:\/\/prescot.pl\/sv\/om-foretaget\/\" \/>\n<meta property=\"og:site_name\" content=\"Prescot\" \/>\n<meta property=\"article:publisher\" content=\"https:\/\/www.facebook.com\/prescot.gizycko\" \/>\n<meta property=\"article:modified_time\" content=\"2023-06-02T07:15:58+00:00\" \/>\n<meta property=\"og:image\" content=\"https:\/\/prescot.pl\/wp-content\/uploads\/2021\/10\/1.jpg\" \/>\n\t<meta property=\"og:image:width\" content=\"1200\" \/>\n\t<meta property=\"og:image:height\" content=\"630\" \/>\n\t<meta property=\"og:image:type\" content=\"image\/jpeg\" \/>\n<meta name=\"twitter:card\" content=\"summary_large_image\" \/>\n<script type=\"application\/ld+json\" class=\"yoast-schema-graph\">{\"@context\":\"https:\\\/\\\/schema.org\",\"@graph\":[{\"@type\":\"WebPage\",\"@id\":\"https:\\\/\\\/prescot.pl\\\/sv\\\/om-foretaget\\\/\",\"url\":\"https:\\\/\\\/prescot.pl\\\/sv\\\/om-foretaget\\\/\",\"name\":\"Om f\u00f6retaget &#8211; Prescot - Tillverkare och import\u00f6r av LED-belysning\",\"isPartOf\":{\"@id\":\"https:\\\/\\\/prescot.pl\\\/sv\\\/#website\"},\"datePublished\":\"2023-06-01T15:45:43+00:00\",\"dateModified\":\"2023-06-02T07:15:58+00:00\",\"description\":\"Vi \u00e4r en polsk tillverkare och import\u00f6r av ledbelysning f\u00f6r ett brett spektrum av applikationer i b\u00e5de industriella och privata milj\u00f6er.\",\"breadcrumb\":{\"@id\":\"https:\\\/\\\/prescot.pl\\\/sv\\\/om-foretaget\\\/#breadcrumb\"},\"inLanguage\":\"sv-SE\",\"potentialAction\":[{\"@type\":\"ReadAction\",\"target\":[\"https:\\\/\\\/prescot.pl\\\/sv\\\/om-foretaget\\\/\"]}]},{\"@type\":\"BreadcrumbList\",\"@id\":\"https:\\\/\\\/prescot.pl\\\/sv\\\/om-foretaget\\\/#breadcrumb\",\"itemListElement\":[{\"@type\":\"ListItem\",\"position\":1,\"name\":\"Strona g\u0142\u00f3wna\",\"item\":\"https:\\\/\\\/prescot.pl\\\/sv\\\/\"},{\"@type\":\"ListItem\",\"position\":2,\"name\":\"Om f\u00f6retaget\"}]},{\"@type\":\"WebSite\",\"@id\":\"https:\\\/\\\/prescot.pl\\\/sv\\\/#website\",\"url\":\"https:\\\/\\\/prescot.pl\\\/sv\\\/\",\"name\":\"Prescot\",\"description\":\"\",\"publisher\":{\"@id\":\"https:\\\/\\\/prescot.pl\\\/sv\\\/#organization\"},\"potentialAction\":[{\"@type\":\"SearchAction\",\"target\":{\"@type\":\"EntryPoint\",\"urlTemplate\":\"https:\\\/\\\/prescot.pl\\\/sv\\\/?s={search_term_string}\"},\"query-input\":{\"@type\":\"PropertyValueSpecification\",\"valueRequired\":true,\"valueName\":\"search_term_string\"}}],\"inLanguage\":\"sv-SE\"},{\"@type\":\"Organization\",\"@id\":\"https:\\\/\\\/prescot.pl\\\/sv\\\/#organization\",\"name\":\"PRESCOT sp. z o.o.\",\"url\":\"https:\\\/\\\/prescot.pl\\\/sv\\\/\",\"logo\":{\"@type\":\"ImageObject\",\"inLanguage\":\"sv-SE\",\"@id\":\"https:\\\/\\\/prescot.pl\\\/sv\\\/#\\\/schema\\\/logo\\\/image\\\/\",\"url\":\"https:\\\/\\\/www.prescot.pl\\\/wp-content\\\/uploads\\\/2021\\\/10\\\/PRESCOT_logo-podstawowe.svg\",\"contentUrl\":\"https:\\\/\\\/www.prescot.pl\\\/wp-content\\\/uploads\\\/2021\\\/10\\\/PRESCOT_logo-podstawowe.svg\",\"width\":260,\"height\":30,\"caption\":\"PRESCOT sp. z o.o.\"},\"image\":{\"@id\":\"https:\\\/\\\/prescot.pl\\\/sv\\\/#\\\/schema\\\/logo\\\/image\\\/\"},\"sameAs\":[\"https:\\\/\\\/www.facebook.com\\\/prescot.gizycko\"]}]}<\/script>\n<!-- \/ Yoast SEO plugin. -->","yoast_head_json":{"title":"Om f\u00f6retaget &#8211; Prescot - Tillverkare och import\u00f6r av LED-belysning","description":"Vi \u00e4r en polsk tillverkare och import\u00f6r av ledbelysning f\u00f6r ett brett spektrum av applikationer i b\u00e5de industriella och privata milj\u00f6er.","robots":{"index":"index","follow":"follow","max-snippet":"max-snippet:-1","max-image-preview":"max-image-preview:large","max-video-preview":"max-video-preview:-1"},"canonical":"https:\/\/prescot.pl\/sv\/om-foretaget\/","og_locale":"sv_SE","og_type":"article","og_title":"Om f\u00f6retaget &#8211; Prescot - Tillverkare och import\u00f6r av LED-belysning","og_description":"Vi \u00e4r en polsk tillverkare och import\u00f6r av ledbelysning f\u00f6r ett brett spektrum av applikationer i b\u00e5de industriella och privata milj\u00f6er.","og_url":"https:\/\/prescot.pl\/sv\/om-foretaget\/","og_site_name":"Prescot","article_publisher":"https:\/\/www.facebook.com\/prescot.gizycko","article_modified_time":"2023-06-02T07:15:58+00:00","og_image":[{"width":1200,"height":630,"url":"https:\/\/prescot.pl\/wp-content\/uploads\/2021\/10\/1.jpg","type":"image\/jpeg"}],"twitter_card":"summary_large_image","schema":{"@context":"https:\/\/schema.org","@graph":[{"@type":"WebPage","@id":"https:\/\/prescot.pl\/sv\/om-foretaget\/","url":"https:\/\/prescot.pl\/sv\/om-foretaget\/","name":"Om f\u00f6retaget &#8211; Prescot - Tillverkare och import\u00f6r av LED-belysning","isPartOf":{"@id":"https:\/\/prescot.pl\/sv\/#website"},"datePublished":"2023-06-01T15:45:43+00:00","dateModified":"2023-06-02T07:15:58+00:00","description":"Vi \u00e4r en polsk tillverkare och import\u00f6r av ledbelysning f\u00f6r ett brett spektrum av applikationer i b\u00e5de industriella och privata milj\u00f6er.","breadcrumb":{"@id":"https:\/\/prescot.pl\/sv\/om-foretaget\/#breadcrumb"},"inLanguage":"sv-SE","potentialAction":[{"@type":"ReadAction","target":["https:\/\/prescot.pl\/sv\/om-foretaget\/"]}]},{"@type":"BreadcrumbList","@id":"https:\/\/prescot.pl\/sv\/om-foretaget\/#breadcrumb","itemListElement":[{"@type":"ListItem","position":1,"name":"Strona g\u0142\u00f3wna","item":"https:\/\/prescot.pl\/sv\/"},{"@type":"ListItem","position":2,"name":"Om f\u00f6retaget"}]},{"@type":"WebSite","@id":"https:\/\/prescot.pl\/sv\/#website","url":"https:\/\/prescot.pl\/sv\/","name":"Prescot","description":"","publisher":{"@id":"https:\/\/prescot.pl\/sv\/#organization"},"potentialAction":[{"@type":"SearchAction","target":{"@type":"EntryPoint","urlTemplate":"https:\/\/prescot.pl\/sv\/?s={search_term_string}"},"query-input":{"@type":"PropertyValueSpecification","valueRequired":true,"valueName":"search_term_string"}}],"inLanguage":"sv-SE"},{"@type":"Organization","@id":"https:\/\/prescot.pl\/sv\/#organization","name":"PRESCOT sp. z o.o.","url":"https:\/\/prescot.pl\/sv\/","logo":{"@type":"ImageObject","inLanguage":"sv-SE","@id":"https:\/\/prescot.pl\/sv\/#\/schema\/logo\/image\/","url":"https:\/\/www.prescot.pl\/wp-content\/uploads\/2021\/10\/PRESCOT_logo-podstawowe.svg","contentUrl":"https:\/\/www.prescot.pl\/wp-content\/uploads\/2021\/10\/PRESCOT_logo-podstawowe.svg","width":260,"height":30,"caption":"PRESCOT sp. z o.o."},"image":{"@id":"https:\/\/prescot.pl\/sv\/#\/schema\/logo\/image\/"},"sameAs":["https:\/\/www.facebook.com\/prescot.gizycko"]}]}},"_links":{"self":[{"href":"https:\/\/prescot.pl\/sv\/wp-json\/wp\/v2\/pages\/3635","targetHints":{"allow":["GET"]}}],"collection":[{"href":"https:\/\/prescot.pl\/sv\/wp-json\/wp\/v2\/pages"}],"about":[{"href":"https:\/\/prescot.pl\/sv\/wp-json\/wp\/v2\/types\/page"}],"author":[{"embeddable":true,"href":"https:\/\/prescot.pl\/sv\/wp-json\/wp\/v2\/users\/1"}],"replies":[{"embeddable":true,"href":"https:\/\/prescot.pl\/sv\/wp-json\/wp\/v2\/comments?post=3635"}],"version-history":[{"count":1,"href":"https:\/\/prescot.pl\/sv\/wp-json\/wp\/v2\/pages\/3635\/revisions"}],"predecessor-version":[{"id":3646,"href":"https:\/\/prescot.pl\/sv\/wp-json\/wp\/v2\/pages\/3635\/revisions\/3646"}],"wp:attachment":[{"href":"https:\/\/prescot.pl\/sv\/wp-json\/wp\/v2\/media?parent=3635"}],"curies":[{"name":"wp","href":"https:\/\/api.w.org\/{rel}","templated":true}]}}