{"id":3598,"date":"2023-06-01T17:45:41","date_gmt":"2023-06-01T15:45:41","guid":{"rendered":"https:\/\/prescot.pl\/europeiska-unionen\/"},"modified":"2023-06-02T09:16:00","modified_gmt":"2023-06-02T07:16:00","slug":"europeiska-unionen","status":"publish","type":"page","link":"https:\/\/prescot.pl\/sv\/europeiska-unionen\/","title":{"rendered":"Europeiska unionen"},"content":{"rendered":"<h3>IKT<\/h3>\n<p>Projekt som samfinansieras av Europeiska regionala utvecklingsfonden &#8221;\u00d6ka andelen IKT i PRESCOT Company&#8221; som en del av det regionala operativa programmet f\u00f6r Warminsko-Mazurskie Voivodeship 2014 &#8211; 2020.<\/p>\n<p>Prioriterat omr\u00e5de I: Intelligent ekonomi i Warmia och Mazury<br \/>\n\u00c5tg\u00e4rd 1.4 Nya modeller och expansion.<br \/>\nDel\u00e5tg\u00e4rd 1.4.3 &#8211; Informations- och kommunikationsteknik i sm\u00e5 och medelstora f\u00f6retags verksamhet<br \/>\nProjektets v\u00e4rde fr\u00e5n EU-medel 292 748,78 PLN<\/p>\n<p>Syftet med projektet \u00e4r att \u00f6ka informations- och kommunikationsteknikens andel i f\u00f6retagsledningen. V\u00e5rt f\u00f6retags f\u00f6rs\u00e4ljningsprocesser kommer att f\u00f6rb\u00e4ttras och v\u00e5ra kunder kommer att f\u00e5 tillg\u00e5ng till en b2b-plattform f\u00f6r att p\u00e5skynda service och f\u00f6rb\u00e4ttra servicekvaliteten.<\/p>\n<h3>DESIGN<\/h3>\n<p>Projektet, som samfinansieras av Europeiska fonderna, har titeln &#8221;Europeiska unionens bidrag till utvecklingen av Europeiska unionen. &#8221;Att \u00f6ka konkurrenskraften f\u00f6r Prescot Sp. z o.o. genom genomf\u00f6rande av aktiviteter som f\u00f6ljer av designstrategin&#8221; inom ramen f\u00f6r det operativa programmet f\u00f6r \u00f6stra Polen 2014-2020<\/p>\n<p>Prioriterat omr\u00e5de I: Entrepren\u00f6rskap i \u00f6stra Polen<br \/>\n\u00c5tg\u00e4rd 1.4 Utformning f\u00f6r t\u00e4vling<\/p>\n<p>Projektv\u00e4rde PLN 1,340,500.00<br \/>\nBidrag fr\u00e5n EU-medel 925 650,00 PLN<\/p>\n<p>Syftet med projektet \u00e4r att introducera innovativa produkter p\u00e5 marknaden f\u00f6r LED-belysning i form av hermetiska armaturer med LED-kort och Delux 24V 160led-serien LED-tape p\u00e5 SMD4014-diod med \u00f6kad ljuseffektivitet och f\u00f6rb\u00e4ttrad termisk prestanda.<\/p>\n<p>Tack vare den nya utvecklingen kommer kunden att f\u00e5 en energieffektiv produkt med \u00f6kat ljusutbyte. Armaturerna kan anv\u00e4ndas i lager, produktionshallar, idrottsanl\u00e4ggningar, laboratorier, fabriker och terminaler,<br \/>\ntunnelbanor. Banden kan \u00e5 andra sidan anv\u00e4ndas f\u00f6r att belysa undertak, produkter f\u00f6r varuexponering och, i kombination med aluminiumprofiler f\u00f6rsedda med t\u00e4cklock, f\u00f6r att belysa sk\u00e5p och k\u00f6ksm\u00f6bler,<br \/>\nlagerlokaler, tekniska utrymmen. Den kan med f\u00f6rdel anv\u00e4ndas i dekorativ belysning.<\/p>\n<p>Som en del av projektet installerades en professionell SMT-produktionslinje f\u00f6r att s\u00e4kerst\u00e4lla h\u00f6gsta kvalitet p\u00e5 de nya varorna, och ett professionellt laboratorium kommer att g\u00f6ra det m\u00f6jligt att kontrollera att produkten uppfyller nya riktlinjer som ljusstyrka, f\u00e4rg, driftstemperatur, energiklass etc.<\/p>\n<p>Som en del av f\u00f6retagets redesign skapades en ny stil f\u00f6r IT-systemhantering, en ny webbplats utvecklades och f\u00f6retagets externa image f\u00f6rb\u00e4ttrades genom skapandet av en ny grafisk design, logotyp och f\u00f6retagsprylar.<\/p>\n<h3><strong>INTERNATIONALISERING<\/strong><\/h3>\n<p>F\u00f6retaget PRESCOT Sp. z o.o., i syfte att genomf\u00f6ra en marknadsunders\u00f6kning, ber vi om f\u00f6ljande<br \/>\nFramtagande av information om det uppskattade bruttov\u00e4rdet av kontraktet, inklusive<br \/>\nGenomf\u00f6rande av en aff\u00e4rsmodell f\u00f6r internationalisering av f\u00f6retagets verksamhet.<\/p>\n<p>Se bilagorna f\u00f6r mer information:<\/p>\n<p>Bilaga 1 &#8211; <a href=\"https:\/\/prescot.pl\/wp-content\/uploads\/2022\/10\/www-rozeznanie-rynku-wzor.pdf\">F\u00f6ljebrev<\/a><\/p>\n<p>Bilaga 2 &#8211; <a href=\"https:\/\/prescot.pl\/wp-content\/uploads\/2022\/10\/www-form-model-biznesowy.docx\">Anbudsformul\u00e4r<\/a><\/p>\n","protected":false},"excerpt":{"rendered":"<p>IKT Projekt som samfinansieras av Europeiska regionala utvecklingsfonden &#8221;\u00d6ka andelen IKT i PRESCOT Company&#8221; som en del av det regionala operativa programmet f\u00f6r Warminsko-Mazurskie Voivodeship 2014 &#8211; 2020. Prioriterat omr\u00e5de I: Intelligent ekonomi i Warmia och Mazury \u00c5tg\u00e4rd 1.4 Nya modeller och expansion. Del\u00e5tg\u00e4rd 1.4.3 &#8211; Informations- och kommunikationsteknik i sm\u00e5 och medelstora f\u00f6retags verksamhet [&hellip;]<\/p>\n","protected":false},"author":1,"featured_media":0,"parent":0,"menu_order":0,"comment_status":"closed","ping_status":"closed","template":"template-ue.php","meta":{"_acf_changed":false,"footnotes":""},"class_list":["post-3598","page","type-page","status-publish","hentry"],"acf":[],"yoast_head":"<!-- This site is optimized with the Yoast SEO plugin v27.6 - https:\/\/yoast.com\/product\/yoast-seo-wordpress\/ -->\n<title>Europeiska unionen &#8211; Prescot<\/title>\n<meta name=\"robots\" content=\"index, follow, max-snippet:-1, max-image-preview:large, max-video-preview:-1\" \/>\n<link rel=\"canonical\" href=\"https:\/\/prescot.pl\/sv\/europeiska-unionen\/\" \/>\n<meta property=\"og:locale\" content=\"sv_SE\" \/>\n<meta property=\"og:type\" content=\"article\" \/>\n<meta property=\"og:title\" content=\"Europeiska unionen &#8211; Prescot\" \/>\n<meta property=\"og:description\" content=\"IKT Projekt som samfinansieras av Europeiska regionala utvecklingsfonden &#8221;\u00d6ka andelen IKT i PRESCOT Company&#8221; som en del av det regionala operativa programmet f\u00f6r Warminsko-Mazurskie Voivodeship 2014 &#8211; 2020. Prioriterat omr\u00e5de I: Intelligent ekonomi i Warmia och Mazury \u00c5tg\u00e4rd 1.4 Nya modeller och expansion. Del\u00e5tg\u00e4rd 1.4.3 &#8211; Informations- och kommunikationsteknik i sm\u00e5 och medelstora f\u00f6retags verksamhet [&hellip;]\" \/>\n<meta property=\"og:url\" content=\"https:\/\/prescot.pl\/sv\/europeiska-unionen\/\" \/>\n<meta property=\"og:site_name\" content=\"Prescot\" \/>\n<meta property=\"article:publisher\" content=\"https:\/\/www.facebook.com\/prescot.gizycko\" \/>\n<meta property=\"article:modified_time\" content=\"2023-06-02T07:16:00+00:00\" \/>\n<meta property=\"og:image\" content=\"https:\/\/prescot.pl\/wp-content\/uploads\/2021\/10\/1.jpg\" \/>\n\t<meta property=\"og:image:width\" content=\"1200\" \/>\n\t<meta property=\"og:image:height\" content=\"630\" \/>\n\t<meta property=\"og:image:type\" content=\"image\/jpeg\" \/>\n<meta name=\"twitter:card\" content=\"summary_large_image\" \/>\n<meta name=\"twitter:label1\" content=\"Ber\u00e4knad l\u00e4stid\" \/>\n\t<meta name=\"twitter:data1\" content=\"2 minuter\" \/>\n<script type=\"application\/ld+json\" class=\"yoast-schema-graph\">{\"@context\":\"https:\\\/\\\/schema.org\",\"@graph\":[{\"@type\":\"WebPage\",\"@id\":\"https:\\\/\\\/prescot.pl\\\/sv\\\/europeiska-unionen\\\/\",\"url\":\"https:\\\/\\\/prescot.pl\\\/sv\\\/europeiska-unionen\\\/\",\"name\":\"Europeiska unionen &#8211; Prescot\",\"isPartOf\":{\"@id\":\"https:\\\/\\\/prescot.pl\\\/sv\\\/#website\"},\"datePublished\":\"2023-06-01T15:45:41+00:00\",\"dateModified\":\"2023-06-02T07:16:00+00:00\",\"breadcrumb\":{\"@id\":\"https:\\\/\\\/prescot.pl\\\/sv\\\/europeiska-unionen\\\/#breadcrumb\"},\"inLanguage\":\"sv-SE\",\"potentialAction\":[{\"@type\":\"ReadAction\",\"target\":[\"https:\\\/\\\/prescot.pl\\\/sv\\\/europeiska-unionen\\\/\"]}]},{\"@type\":\"BreadcrumbList\",\"@id\":\"https:\\\/\\\/prescot.pl\\\/sv\\\/europeiska-unionen\\\/#breadcrumb\",\"itemListElement\":[{\"@type\":\"ListItem\",\"position\":1,\"name\":\"Strona g\u0142\u00f3wna\",\"item\":\"https:\\\/\\\/prescot.pl\\\/sv\\\/\"},{\"@type\":\"ListItem\",\"position\":2,\"name\":\"Europeiska unionen\"}]},{\"@type\":\"WebSite\",\"@id\":\"https:\\\/\\\/prescot.pl\\\/sv\\\/#website\",\"url\":\"https:\\\/\\\/prescot.pl\\\/sv\\\/\",\"name\":\"Prescot\",\"description\":\"\",\"alternateName\":\"Polski producent o\u015bwietlenia LED\",\"potentialAction\":[{\"@type\":\"SearchAction\",\"target\":{\"@type\":\"EntryPoint\",\"urlTemplate\":\"https:\\\/\\\/prescot.pl\\\/sv\\\/?s={search_term_string}\"},\"query-input\":{\"@type\":\"PropertyValueSpecification\",\"valueRequired\":true,\"valueName\":\"search_term_string\"}}],\"inLanguage\":\"sv-SE\"}]}<\/script>\n<!-- \/ Yoast SEO plugin. -->","yoast_head_json":{"title":"Europeiska unionen &#8211; Prescot","robots":{"index":"index","follow":"follow","max-snippet":"max-snippet:-1","max-image-preview":"max-image-preview:large","max-video-preview":"max-video-preview:-1"},"canonical":"https:\/\/prescot.pl\/sv\/europeiska-unionen\/","og_locale":"sv_SE","og_type":"article","og_title":"Europeiska unionen &#8211; Prescot","og_description":"IKT Projekt som samfinansieras av Europeiska regionala utvecklingsfonden &#8221;\u00d6ka andelen IKT i PRESCOT Company&#8221; som en del av det regionala operativa programmet f\u00f6r Warminsko-Mazurskie Voivodeship 2014 &#8211; 2020. Prioriterat omr\u00e5de I: Intelligent ekonomi i Warmia och Mazury \u00c5tg\u00e4rd 1.4 Nya modeller och expansion. Del\u00e5tg\u00e4rd 1.4.3 &#8211; Informations- och kommunikationsteknik i sm\u00e5 och medelstora f\u00f6retags verksamhet [&hellip;]","og_url":"https:\/\/prescot.pl\/sv\/europeiska-unionen\/","og_site_name":"Prescot","article_publisher":"https:\/\/www.facebook.com\/prescot.gizycko","article_modified_time":"2023-06-02T07:16:00+00:00","og_image":[{"width":1200,"height":630,"url":"https:\/\/prescot.pl\/wp-content\/uploads\/2021\/10\/1.jpg","type":"image\/jpeg"}],"twitter_card":"summary_large_image","twitter_misc":{"Ber\u00e4knad l\u00e4stid":"2 minuter"},"schema":{"@context":"https:\/\/schema.org","@graph":[{"@type":"WebPage","@id":"https:\/\/prescot.pl\/sv\/europeiska-unionen\/","url":"https:\/\/prescot.pl\/sv\/europeiska-unionen\/","name":"Europeiska unionen &#8211; Prescot","isPartOf":{"@id":"https:\/\/prescot.pl\/sv\/#website"},"datePublished":"2023-06-01T15:45:41+00:00","dateModified":"2023-06-02T07:16:00+00:00","breadcrumb":{"@id":"https:\/\/prescot.pl\/sv\/europeiska-unionen\/#breadcrumb"},"inLanguage":"sv-SE","potentialAction":[{"@type":"ReadAction","target":["https:\/\/prescot.pl\/sv\/europeiska-unionen\/"]}]},{"@type":"BreadcrumbList","@id":"https:\/\/prescot.pl\/sv\/europeiska-unionen\/#breadcrumb","itemListElement":[{"@type":"ListItem","position":1,"name":"Strona g\u0142\u00f3wna","item":"https:\/\/prescot.pl\/sv\/"},{"@type":"ListItem","position":2,"name":"Europeiska unionen"}]},{"@type":"WebSite","@id":"https:\/\/prescot.pl\/sv\/#website","url":"https:\/\/prescot.pl\/sv\/","name":"Prescot","description":"","alternateName":"Polski producent o\u015bwietlenia LED","potentialAction":[{"@type":"SearchAction","target":{"@type":"EntryPoint","urlTemplate":"https:\/\/prescot.pl\/sv\/?s={search_term_string}"},"query-input":{"@type":"PropertyValueSpecification","valueRequired":true,"valueName":"search_term_string"}}],"inLanguage":"sv-SE"}]}},"_links":{"self":[{"href":"https:\/\/prescot.pl\/sv\/wp-json\/wp\/v2\/pages\/3598","targetHints":{"allow":["GET"]}}],"collection":[{"href":"https:\/\/prescot.pl\/sv\/wp-json\/wp\/v2\/pages"}],"about":[{"href":"https:\/\/prescot.pl\/sv\/wp-json\/wp\/v2\/types\/page"}],"author":[{"embeddable":true,"href":"https:\/\/prescot.pl\/sv\/wp-json\/wp\/v2\/users\/1"}],"replies":[{"embeddable":true,"href":"https:\/\/prescot.pl\/sv\/wp-json\/wp\/v2\/comments?post=3598"}],"version-history":[{"count":1,"href":"https:\/\/prescot.pl\/sv\/wp-json\/wp\/v2\/pages\/3598\/revisions"}],"predecessor-version":[{"id":3600,"href":"https:\/\/prescot.pl\/sv\/wp-json\/wp\/v2\/pages\/3598\/revisions\/3600"}],"wp:attachment":[{"href":"https:\/\/prescot.pl\/sv\/wp-json\/wp\/v2\/media?parent=3598"}],"curies":[{"name":"wp","href":"https:\/\/api.w.org\/{rel}","templated":true}]}}