{"id":3582,"date":"2023-06-01T17:45:40","date_gmt":"2023-06-01T15:45:40","guid":{"rendered":"https:\/\/prescot.pl\/kontakt\/"},"modified":"2023-06-06T12:38:33","modified_gmt":"2023-06-06T10:38:33","slug":"kontakt","status":"publish","type":"page","link":"https:\/\/prescot.pl\/sv\/kontakt\/","title":{"rendered":"Kontakt"},"content":{"rendered":"","protected":false},"excerpt":{"rendered":"","protected":false},"author":1,"featured_media":0,"parent":0,"menu_order":0,"comment_status":"closed","ping_status":"closed","template":"template-kontakt.php","meta":{"_acf_changed":false,"footnotes":""},"class_list":["post-3582","page","type-page","status-publish","hentry"],"acf":[],"yoast_head":"<!-- This site is optimized with the Yoast SEO plugin v27.5 - https:\/\/yoast.com\/product\/yoast-seo-wordpress\/ -->\n<title>Kontakt &#8211; Prescot - Tillverkare och import\u00f6r av LED-belysning<\/title>\n<meta name=\"description\" content=\"Kontakta Prescot. Bes\u00f6k v\u00e5r station\u00e4ra butik i Gi\u017cycko. Ul. Vilnius 1.\" \/>\n<meta name=\"robots\" content=\"index, follow, max-snippet:-1, max-image-preview:large, max-video-preview:-1\" \/>\n<link rel=\"canonical\" href=\"https:\/\/prescot.pl\/sv\/kontakt\/\" \/>\n<meta property=\"og:locale\" content=\"sv_SE\" \/>\n<meta property=\"og:type\" content=\"article\" \/>\n<meta property=\"og:title\" content=\"Kontakt &#8211; Prescot - Tillverkare och import\u00f6r av LED-belysning\" \/>\n<meta property=\"og:description\" content=\"Kontakta Prescot. Bes\u00f6k v\u00e5r station\u00e4ra butik i Gi\u017cycko. Ul. Vilnius 1.\" \/>\n<meta property=\"og:url\" content=\"https:\/\/prescot.pl\/sv\/kontakt\/\" \/>\n<meta property=\"og:site_name\" content=\"Prescot\" \/>\n<meta property=\"article:publisher\" content=\"https:\/\/www.facebook.com\/prescot.gizycko\" \/>\n<meta property=\"article:modified_time\" content=\"2023-06-06T10:38:33+00:00\" \/>\n<meta property=\"og:image\" content=\"https:\/\/prescot.pl\/wp-content\/uploads\/2021\/10\/1.jpg\" \/>\n\t<meta property=\"og:image:width\" content=\"1200\" \/>\n\t<meta property=\"og:image:height\" content=\"630\" \/>\n\t<meta property=\"og:image:type\" content=\"image\/jpeg\" \/>\n<meta name=\"twitter:card\" content=\"summary_large_image\" \/>\n<script type=\"application\/ld+json\" class=\"yoast-schema-graph\">{\"@context\":\"https:\\\/\\\/schema.org\",\"@graph\":[{\"@type\":\"WebPage\",\"@id\":\"https:\\\/\\\/prescot.pl\\\/sv\\\/kontakt\\\/\",\"url\":\"https:\\\/\\\/prescot.pl\\\/sv\\\/kontakt\\\/\",\"name\":\"Kontakt &#8211; Prescot - Tillverkare och import\u00f6r av LED-belysning\",\"isPartOf\":{\"@id\":\"https:\\\/\\\/prescot.pl\\\/sv\\\/#website\"},\"datePublished\":\"2023-06-01T15:45:40+00:00\",\"dateModified\":\"2023-06-06T10:38:33+00:00\",\"description\":\"Kontakta Prescot. Bes\u00f6k v\u00e5r station\u00e4ra butik i Gi\u017cycko. Ul. Vilnius 1.\",\"breadcrumb\":{\"@id\":\"https:\\\/\\\/prescot.pl\\\/sv\\\/kontakt\\\/#breadcrumb\"},\"inLanguage\":\"sv-SE\",\"potentialAction\":[{\"@type\":\"ReadAction\",\"target\":[\"https:\\\/\\\/prescot.pl\\\/sv\\\/kontakt\\\/\"]}]},{\"@type\":\"BreadcrumbList\",\"@id\":\"https:\\\/\\\/prescot.pl\\\/sv\\\/kontakt\\\/#breadcrumb\",\"itemListElement\":[{\"@type\":\"ListItem\",\"position\":1,\"name\":\"Strona g\u0142\u00f3wna\",\"item\":\"https:\\\/\\\/prescot.pl\\\/sv\\\/\"},{\"@type\":\"ListItem\",\"position\":2,\"name\":\"Kontakt\"}]},{\"@type\":\"WebSite\",\"@id\":\"https:\\\/\\\/prescot.pl\\\/sv\\\/#website\",\"url\":\"https:\\\/\\\/prescot.pl\\\/sv\\\/\",\"name\":\"Prescot\",\"description\":\"\",\"alternateName\":\"Polski producent o\u015bwietlenia LED\",\"potentialAction\":[{\"@type\":\"SearchAction\",\"target\":{\"@type\":\"EntryPoint\",\"urlTemplate\":\"https:\\\/\\\/prescot.pl\\\/sv\\\/?s={search_term_string}\"},\"query-input\":{\"@type\":\"PropertyValueSpecification\",\"valueRequired\":true,\"valueName\":\"search_term_string\"}}],\"inLanguage\":\"sv-SE\"}]}<\/script>\n<!-- \/ Yoast SEO plugin. -->","yoast_head_json":{"title":"Kontakt &#8211; Prescot - Tillverkare och import\u00f6r av LED-belysning","description":"Kontakta Prescot. Bes\u00f6k v\u00e5r station\u00e4ra butik i Gi\u017cycko. Ul. Vilnius 1.","robots":{"index":"index","follow":"follow","max-snippet":"max-snippet:-1","max-image-preview":"max-image-preview:large","max-video-preview":"max-video-preview:-1"},"canonical":"https:\/\/prescot.pl\/sv\/kontakt\/","og_locale":"sv_SE","og_type":"article","og_title":"Kontakt &#8211; Prescot - Tillverkare och import\u00f6r av LED-belysning","og_description":"Kontakta Prescot. Bes\u00f6k v\u00e5r station\u00e4ra butik i Gi\u017cycko. Ul. Vilnius 1.","og_url":"https:\/\/prescot.pl\/sv\/kontakt\/","og_site_name":"Prescot","article_publisher":"https:\/\/www.facebook.com\/prescot.gizycko","article_modified_time":"2023-06-06T10:38:33+00:00","og_image":[{"width":1200,"height":630,"url":"https:\/\/prescot.pl\/wp-content\/uploads\/2021\/10\/1.jpg","type":"image\/jpeg"}],"twitter_card":"summary_large_image","schema":{"@context":"https:\/\/schema.org","@graph":[{"@type":"WebPage","@id":"https:\/\/prescot.pl\/sv\/kontakt\/","url":"https:\/\/prescot.pl\/sv\/kontakt\/","name":"Kontakt &#8211; Prescot - Tillverkare och import\u00f6r av LED-belysning","isPartOf":{"@id":"https:\/\/prescot.pl\/sv\/#website"},"datePublished":"2023-06-01T15:45:40+00:00","dateModified":"2023-06-06T10:38:33+00:00","description":"Kontakta Prescot. Bes\u00f6k v\u00e5r station\u00e4ra butik i Gi\u017cycko. Ul. Vilnius 1.","breadcrumb":{"@id":"https:\/\/prescot.pl\/sv\/kontakt\/#breadcrumb"},"inLanguage":"sv-SE","potentialAction":[{"@type":"ReadAction","target":["https:\/\/prescot.pl\/sv\/kontakt\/"]}]},{"@type":"BreadcrumbList","@id":"https:\/\/prescot.pl\/sv\/kontakt\/#breadcrumb","itemListElement":[{"@type":"ListItem","position":1,"name":"Strona g\u0142\u00f3wna","item":"https:\/\/prescot.pl\/sv\/"},{"@type":"ListItem","position":2,"name":"Kontakt"}]},{"@type":"WebSite","@id":"https:\/\/prescot.pl\/sv\/#website","url":"https:\/\/prescot.pl\/sv\/","name":"Prescot","description":"","alternateName":"Polski producent o\u015bwietlenia LED","potentialAction":[{"@type":"SearchAction","target":{"@type":"EntryPoint","urlTemplate":"https:\/\/prescot.pl\/sv\/?s={search_term_string}"},"query-input":{"@type":"PropertyValueSpecification","valueRequired":true,"valueName":"search_term_string"}}],"inLanguage":"sv-SE"}]}},"_links":{"self":[{"href":"https:\/\/prescot.pl\/sv\/wp-json\/wp\/v2\/pages\/3582","targetHints":{"allow":["GET"]}}],"collection":[{"href":"https:\/\/prescot.pl\/sv\/wp-json\/wp\/v2\/pages"}],"about":[{"href":"https:\/\/prescot.pl\/sv\/wp-json\/wp\/v2\/types\/page"}],"author":[{"embeddable":true,"href":"https:\/\/prescot.pl\/sv\/wp-json\/wp\/v2\/users\/1"}],"replies":[{"embeddable":true,"href":"https:\/\/prescot.pl\/sv\/wp-json\/wp\/v2\/comments?post=3582"}],"version-history":[{"count":1,"href":"https:\/\/prescot.pl\/sv\/wp-json\/wp\/v2\/pages\/3582\/revisions"}],"predecessor-version":[{"id":3593,"href":"https:\/\/prescot.pl\/sv\/wp-json\/wp\/v2\/pages\/3582\/revisions\/3593"}],"wp:attachment":[{"href":"https:\/\/prescot.pl\/sv\/wp-json\/wp\/v2\/media?parent=3582"}],"curies":[{"name":"wp","href":"https:\/\/api.w.org\/{rel}","templated":true}]}}