{"id":3586,"date":"2023-06-01T17:45:40","date_gmt":"2023-06-01T15:45:40","guid":{"rendered":"https:\/\/prescot.pl\/den-europeiske-union\/"},"modified":"2023-06-02T09:16:22","modified_gmt":"2023-06-02T07:16:22","slug":"den-europeiske-union","status":"publish","type":"page","link":"https:\/\/prescot.pl\/no\/den-europeiske-union\/","title":{"rendered":"Den Europeiske Union"},"content":{"rendered":"<h3>TIC<\/h3>\n<p>Prosjekt medfinansiert av European Regional Development Fund &laquo;\u00c5 \u00f8ke andelen av informasjons- og kommunikasjonsteknologier i PRESCOT Company&raquo; under det regionale operasjonelle programmet til Warmian-Masurian Voivodeship for \u00e5rene 2014 &#8211; 2020.<\/p>\n<p>Prioritetsakse I: Intelligent \u00f8konomi i Warmia og Mazury<br \/>\nHandling 1.4 Nye modeller og utvidelse.<br \/>\nDeltiltak 1.4.3 &#8211; Informasjons- og kommunikasjonsteknologi i virksomheten til SMB<br \/>\nVerdien av prosjektet fra EU-midler er PLN 292 748,78<\/p>\n<p>M\u00e5let med prosjektet er \u00e5 \u00f8ke andelen informasjons- og kommunikasjonsteknologi i bedriftsledelsen. Salgsprosessene i v\u00e5rt selskap skal forbedres, og v\u00e5re kunder vil f\u00e5 tilgang til b2b-plattformen for \u00e5 f\u00e5 fart p\u00e5 servicen og forbedre kvaliteten.<\/p>\n<h3>DESIGN<\/h3>\n<p>Prosjekt medfinansiert fra europeiske fond med tittel \u00ab\u00d8kningen i konkurranseevnen til Prescot Sp. z o. o. ved \u00e5 implementere handlinger som f\u00f8lge av designstrategien&raquo; under operasjonsprogrammet \u00d8st-Polen 2014-2020<\/p>\n<p>Prioritert akse I: Entrepren\u00f8rielt \u00d8st-Polen<br \/>\nM\u00e5l 1.4 Formel for konkurranse<\/p>\n<p>Prosjektverdi PLN 1 340 500,00<br \/>\nBidrag av midler fra EU-midler PLN 925 650,00<\/p>\n<p>M\u00e5let med prosjektet er \u00e5 introdusere innovative produkter til LED-belysningsmarkedet i form av hermetiske armaturer med LED-kort og LED-strips av Delux 24V 160LED-serien p\u00e5 SMD4014-dioden med \u00f8kt lyseffektivitet og forbedret termikk.<\/p>\n<p>Takket v\u00e6re de nye l\u00f8sningene vil kunden f\u00e5 et energibesparende produkt med \u00f8kt lyseffektivitet. Armaturer kan brukes i lager, produksjonshaller, idrettsanlegg, laboratorier, fabrikker, terminaler,<br \/>\nunderjordiske passasjer. Tape kan derimot brukes til \u00e5 belyse undertak, produkter for utstilling av varer, og i kombinasjon med aluminiumsprofiler utstyrt med deksler &#8211; for \u00e5 belyse garderober, kj\u00f8kkenm\u00f8bler,<br \/>\nlager, tekniske rom. Den kan med hell brukes i dekorativ belysning.<\/p>\n<p>Som en del av prosjektet ble det installert en profesjonell SMT-produksjonslinje, som skal sikre h\u00f8yeste kvalitet p\u00e5 nye varer, og et profesjonelt laboratorium vil gj\u00f8re det mulig \u00e5 kontrollere produktets samsvar med de nye retningslinjene, som: lysstyrke, farge, driftstemperatur, energi klasse osv.<\/p>\n<p>Som en del av designendringene i selskapet ble det opprettet en ny stil for IT-systemadministrasjon, en ny nettside ble opprettet og det eksterne bildet av selskapet ble forbedret ved \u00e5 lage en ny grafisk design, logo og bedriftsdingser.<\/p>\n<h3><strong>INTERNASJONALISERING<\/strong><\/h3>\n<p>PRESCOT Sp. z o. o. for \u00e5 unders\u00f8ke markedet, ber vennlig om<br \/>\nutarbeidelse av opplysninger om antatt bruttoverdi av ordren, herunder<br \/>\nimplementering av en forretningsmodell knyttet til internasjonalisering av selskapets virksomhet.<\/p>\n<p>Detaljer i vedleggene:<\/p>\n<p>Vedlegg 1 &#8211; <a href=\"https:\/\/prescot.pl\/wp-content\/uploads\/2022\/10\/www-rozeznanie-rynku-wzor.pdf\">F\u00f8lgebrev<\/a><\/p>\n<p>Vedlegg 2 &#8211; <a href=\"https:\/\/prescot.pl\/wp-content\/uploads\/2022\/10\/www-form-model-biznesowy.docx\">Tilbudsskjema<\/a><\/p>\n","protected":false},"excerpt":{"rendered":"<p>TIC Prosjekt medfinansiert av European Regional Development Fund &laquo;\u00c5 \u00f8ke andelen av informasjons- og kommunikasjonsteknologier i PRESCOT Company&raquo; under det regionale operasjonelle programmet til Warmian-Masurian Voivodeship for \u00e5rene 2014 &#8211; 2020. Prioritetsakse I: Intelligent \u00f8konomi i Warmia og Mazury Handling 1.4 Nye modeller og utvidelse. Deltiltak 1.4.3 &#8211; Informasjons- og kommunikasjonsteknologi i virksomheten til SMB [&hellip;]<\/p>\n","protected":false},"author":1,"featured_media":0,"parent":0,"menu_order":0,"comment_status":"closed","ping_status":"closed","template":"template-ue.php","meta":{"_acf_changed":false,"footnotes":""},"class_list":["post-3586","page","type-page","status-publish","hentry"],"acf":[],"yoast_head":"<!-- This site is optimized with the Yoast SEO plugin v27.6 - https:\/\/yoast.com\/product\/yoast-seo-wordpress\/ -->\n<title>Den Europeiske Union &#8211; Prescot<\/title>\n<meta name=\"robots\" content=\"index, follow, max-snippet:-1, max-image-preview:large, max-video-preview:-1\" \/>\n<link rel=\"canonical\" href=\"https:\/\/prescot.pl\/no\/den-europeiske-union\/\" \/>\n<meta property=\"og:locale\" content=\"nb_NO\" \/>\n<meta property=\"og:type\" content=\"article\" \/>\n<meta property=\"og:title\" content=\"Den Europeiske Union &#8211; Prescot\" \/>\n<meta property=\"og:description\" content=\"TIC Prosjekt medfinansiert av European Regional Development Fund &laquo;\u00c5 \u00f8ke andelen av informasjons- og kommunikasjonsteknologier i PRESCOT Company&raquo; under det regionale operasjonelle programmet til Warmian-Masurian Voivodeship for \u00e5rene 2014 &#8211; 2020. Prioritetsakse I: Intelligent \u00f8konomi i Warmia og Mazury Handling 1.4 Nye modeller og utvidelse. Deltiltak 1.4.3 &#8211; Informasjons- og kommunikasjonsteknologi i virksomheten til SMB [&hellip;]\" \/>\n<meta property=\"og:url\" content=\"https:\/\/prescot.pl\/no\/den-europeiske-union\/\" \/>\n<meta property=\"og:site_name\" content=\"Prescot\" \/>\n<meta property=\"article:publisher\" content=\"https:\/\/www.facebook.com\/prescot.gizycko\" \/>\n<meta property=\"article:modified_time\" content=\"2023-06-02T07:16:22+00:00\" \/>\n<meta property=\"og:image\" content=\"https:\/\/prescot.pl\/wp-content\/uploads\/2021\/10\/1.jpg\" \/>\n\t<meta property=\"og:image:width\" content=\"1200\" \/>\n\t<meta property=\"og:image:height\" content=\"630\" \/>\n\t<meta property=\"og:image:type\" content=\"image\/jpeg\" \/>\n<meta name=\"twitter:card\" content=\"summary_large_image\" \/>\n<meta name=\"twitter:label1\" content=\"Ansl. lesetid\" \/>\n\t<meta name=\"twitter:data1\" content=\"2 minutter\" \/>\n<script type=\"application\/ld+json\" class=\"yoast-schema-graph\">{\"@context\":\"https:\\\/\\\/schema.org\",\"@graph\":[{\"@type\":\"WebPage\",\"@id\":\"https:\\\/\\\/prescot.pl\\\/no\\\/den-europeiske-union\\\/\",\"url\":\"https:\\\/\\\/prescot.pl\\\/no\\\/den-europeiske-union\\\/\",\"name\":\"Den Europeiske Union &#8211; Prescot\",\"isPartOf\":{\"@id\":\"https:\\\/\\\/prescot.pl\\\/no\\\/#website\"},\"datePublished\":\"2023-06-01T15:45:40+00:00\",\"dateModified\":\"2023-06-02T07:16:22+00:00\",\"breadcrumb\":{\"@id\":\"https:\\\/\\\/prescot.pl\\\/no\\\/den-europeiske-union\\\/#breadcrumb\"},\"inLanguage\":\"nb-NO\",\"potentialAction\":[{\"@type\":\"ReadAction\",\"target\":[\"https:\\\/\\\/prescot.pl\\\/no\\\/den-europeiske-union\\\/\"]}]},{\"@type\":\"BreadcrumbList\",\"@id\":\"https:\\\/\\\/prescot.pl\\\/no\\\/den-europeiske-union\\\/#breadcrumb\",\"itemListElement\":[{\"@type\":\"ListItem\",\"position\":1,\"name\":\"Strona g\u0142\u00f3wna\",\"item\":\"https:\\\/\\\/prescot.pl\\\/no\\\/\"},{\"@type\":\"ListItem\",\"position\":2,\"name\":\"Den Europeiske Union\"}]},{\"@type\":\"WebSite\",\"@id\":\"https:\\\/\\\/prescot.pl\\\/no\\\/#website\",\"url\":\"https:\\\/\\\/prescot.pl\\\/no\\\/\",\"name\":\"Prescot\",\"description\":\"\",\"alternateName\":\"Polski producent o\u015bwietlenia LED\",\"potentialAction\":[{\"@type\":\"SearchAction\",\"target\":{\"@type\":\"EntryPoint\",\"urlTemplate\":\"https:\\\/\\\/prescot.pl\\\/no\\\/?s={search_term_string}\"},\"query-input\":{\"@type\":\"PropertyValueSpecification\",\"valueRequired\":true,\"valueName\":\"search_term_string\"}}],\"inLanguage\":\"nb-NO\"}]}<\/script>\n<!-- \/ Yoast SEO plugin. -->","yoast_head_json":{"title":"Den Europeiske Union &#8211; Prescot","robots":{"index":"index","follow":"follow","max-snippet":"max-snippet:-1","max-image-preview":"max-image-preview:large","max-video-preview":"max-video-preview:-1"},"canonical":"https:\/\/prescot.pl\/no\/den-europeiske-union\/","og_locale":"nb_NO","og_type":"article","og_title":"Den Europeiske Union &#8211; Prescot","og_description":"TIC Prosjekt medfinansiert av European Regional Development Fund &laquo;\u00c5 \u00f8ke andelen av informasjons- og kommunikasjonsteknologier i PRESCOT Company&raquo; under det regionale operasjonelle programmet til Warmian-Masurian Voivodeship for \u00e5rene 2014 &#8211; 2020. Prioritetsakse I: Intelligent \u00f8konomi i Warmia og Mazury Handling 1.4 Nye modeller og utvidelse. Deltiltak 1.4.3 &#8211; Informasjons- og kommunikasjonsteknologi i virksomheten til SMB [&hellip;]","og_url":"https:\/\/prescot.pl\/no\/den-europeiske-union\/","og_site_name":"Prescot","article_publisher":"https:\/\/www.facebook.com\/prescot.gizycko","article_modified_time":"2023-06-02T07:16:22+00:00","og_image":[{"width":1200,"height":630,"url":"https:\/\/prescot.pl\/wp-content\/uploads\/2021\/10\/1.jpg","type":"image\/jpeg"}],"twitter_card":"summary_large_image","twitter_misc":{"Ansl. lesetid":"2 minutter"},"schema":{"@context":"https:\/\/schema.org","@graph":[{"@type":"WebPage","@id":"https:\/\/prescot.pl\/no\/den-europeiske-union\/","url":"https:\/\/prescot.pl\/no\/den-europeiske-union\/","name":"Den Europeiske Union &#8211; Prescot","isPartOf":{"@id":"https:\/\/prescot.pl\/no\/#website"},"datePublished":"2023-06-01T15:45:40+00:00","dateModified":"2023-06-02T07:16:22+00:00","breadcrumb":{"@id":"https:\/\/prescot.pl\/no\/den-europeiske-union\/#breadcrumb"},"inLanguage":"nb-NO","potentialAction":[{"@type":"ReadAction","target":["https:\/\/prescot.pl\/no\/den-europeiske-union\/"]}]},{"@type":"BreadcrumbList","@id":"https:\/\/prescot.pl\/no\/den-europeiske-union\/#breadcrumb","itemListElement":[{"@type":"ListItem","position":1,"name":"Strona g\u0142\u00f3wna","item":"https:\/\/prescot.pl\/no\/"},{"@type":"ListItem","position":2,"name":"Den Europeiske Union"}]},{"@type":"WebSite","@id":"https:\/\/prescot.pl\/no\/#website","url":"https:\/\/prescot.pl\/no\/","name":"Prescot","description":"","alternateName":"Polski producent o\u015bwietlenia LED","potentialAction":[{"@type":"SearchAction","target":{"@type":"EntryPoint","urlTemplate":"https:\/\/prescot.pl\/no\/?s={search_term_string}"},"query-input":{"@type":"PropertyValueSpecification","valueRequired":true,"valueName":"search_term_string"}}],"inLanguage":"nb-NO"}]}},"_links":{"self":[{"href":"https:\/\/prescot.pl\/no\/wp-json\/wp\/v2\/pages\/3586","targetHints":{"allow":["GET"]}}],"collection":[{"href":"https:\/\/prescot.pl\/no\/wp-json\/wp\/v2\/pages"}],"about":[{"href":"https:\/\/prescot.pl\/no\/wp-json\/wp\/v2\/types\/page"}],"author":[{"embeddable":true,"href":"https:\/\/prescot.pl\/no\/wp-json\/wp\/v2\/users\/1"}],"replies":[{"embeddable":true,"href":"https:\/\/prescot.pl\/no\/wp-json\/wp\/v2\/comments?post=3586"}],"version-history":[{"count":1,"href":"https:\/\/prescot.pl\/no\/wp-json\/wp\/v2\/pages\/3586\/revisions"}],"predecessor-version":[{"id":3589,"href":"https:\/\/prescot.pl\/no\/wp-json\/wp\/v2\/pages\/3586\/revisions\/3589"}],"wp:attachment":[{"href":"https:\/\/prescot.pl\/no\/wp-json\/wp\/v2\/media?parent=3586"}],"curies":[{"name":"wp","href":"https:\/\/api.w.org\/{rel}","templated":true}]}}