{"id":2608,"date":"2023-06-01T17:27:56","date_gmt":"2023-06-01T15:27:56","guid":{"rendered":"https:\/\/prescot.pl\/europaeische-union\/"},"modified":"2023-06-02T09:12:38","modified_gmt":"2023-06-02T07:12:38","slug":"europaeische-union","status":"publish","type":"page","link":"https:\/\/prescot.pl\/de\/europaeische-union\/","title":{"rendered":"Europ\u00e4ische Union"},"content":{"rendered":"<h3>ICT<\/h3>\n<p>Vom Europ\u00e4ischen Fonds f\u00fcr regionale Entwicklung kofinanziertes Projekt &#8222;Erh\u00f6hung des Anteils der IKT im Unternehmen PRESCOT&#8220; im Rahmen des regionalen operationellen Programms der Woiwodschaft Ermland-Masuren 2014 &#8211; 2020.<\/p>\n<p>Priorit\u00e4tsachse I: Intelligente Wirtschaft in Ermland und Masuren<br \/>\nAktion 1.4 Neue Modelle und Erweiterung.<br \/>\nUnterma\u00dfnahme 1.4.3 &#8211; Informations- und Kommunikationstechnologien in der T\u00e4tigkeit von KMU<br \/>\nWert des Projekts aus EU-Mitteln 292 748,78 PLN<\/p>\n<p>Ziel des Projekts ist es, den Anteil der Informations- und Kommunikationstechnologie in der Unternehmensf\u00fchrung zu erh\u00f6hen. Die Vertriebsprozesse unseres Unternehmens werden verbessert, und unsere Kunden erhalten Zugang zu einer B2B-Plattform, um den Service zu beschleunigen und die Servicequalit\u00e4t zu verbessern.<\/p>\n<h3>DESIGN<\/h3>\n<p>Das von den Europ\u00e4ischen Fonds kofinanzierte Projekt mit dem Titel &#8222;Der Beitrag der Europ\u00e4ischen Union zur Entwicklung der Europ\u00e4ischen Union. &#8222;Steigerung der Wettbewerbsf\u00e4higkeit von Prescot Sp. z o.o. durch die Umsetzung von Aktivit\u00e4ten, die sich aus der Entwurfsstrategie&#8220; im Rahmen des Operationellen Programms Ostpolen 2014-2020 ergeben<\/p>\n<p>Priorit\u00e4tsachse I: Unternehmerisches Ostpolen<br \/>\nMa\u00dfnahme 1.4 Wettbewerbsorientiertes Design<\/p>\n<p>Projektwert 1.340.500,00 PLN<br \/>\nBeitrag aus EU-Mitteln 925 650,00 PLN<\/p>\n<p>Ziel des Projekts ist die Einf\u00fchrung innovativer Produkte auf dem LED-Beleuchtungsmarkt in Form von hermetischen Leuchten mit LED-Platine und LED-Band der Serie Delux 24V 160led auf SMD4014-Diode mit erh\u00f6hter Lichtausbeute und verbesserter W\u00e4rmeleistung.<\/p>\n<p>Dank der neuen Entwicklungen erh\u00e4lt der Kunde ein energieeffizientes Produkt mit erh\u00f6hter Lichtausbeute. Die Leuchten k\u00f6nnen in Lagern, Produktionshallen, Sportanlagen, Labors, Fabriken und Terminals eingesetzt werden,<br \/>\nU-Bahnen. Die B\u00e4nder k\u00f6nnen hingegen zur Beleuchtung von abgeh\u00e4ngten Decken, Warenauslagen und &#8211; in Verbindung mit Aluminiumprofilen mit Abdeckungen &#8211; zur Beleuchtung von Schr\u00e4nken und K\u00fcchenm\u00f6beln verwendet werden,<br \/>\nLagerhallen, technische R\u00e4ume. Es kann erfolgreich in der dekorativen Beleuchtung eingesetzt werden.<\/p>\n<p>Im Rahmen des Projekts wurde eine professionelle SMT-Produktionslinie installiert, die die h\u00f6chste Qualit\u00e4t der neuen Produkte gew\u00e4hrleistet, und ein professionelles Labor erm\u00f6glicht es, die Einhaltung der neuen Richtlinien wie Helligkeit, Farbe, Betriebstemperatur, Energieklasse usw. zu \u00fcberpr\u00fcfen.<\/p>\n<p>Im Rahmen der Neugestaltung des Unternehmens wurde ein neuer Stil f\u00fcr die Verwaltung der IT-Systeme geschaffen, eine neue Website entwickelt und das \u00e4u\u00dfere Erscheinungsbild des Unternehmens durch ein neues grafisches Design, ein neues Logo und Corporate Gadgets verbessert.<\/p>\n<h3><strong>INTERNATIONALISIERUNG<\/strong><\/h3>\n<p>Das Unternehmen PRESCOT Sp. z o.o., bittet zum Zwecke der Marktforschung um folgende Angaben<br \/>\nErstellung von Informationen \u00fcber den gesch\u00e4tzten Bruttowert des Auftrags, einschlie\u00dflich<br \/>\nUmsetzung eines Gesch\u00e4ftsmodells im Zusammenhang mit der Internationalisierung der Aktivit\u00e4ten des Unternehmens.<\/p>\n<p>Einzelheiten finden Sie in den Anh\u00e4ngen:<\/p>\n<p>Anhang 1 &#8211; <a href=\"https:\/\/prescot.pl\/wp-content\/uploads\/2022\/10\/www-rozeznanie-rynku-wzor.pdf\">Anschreiben<\/a><\/p>\n<p>Anhang 2 &#8211; <a href=\"https:\/\/prescot.pl\/wp-content\/uploads\/2022\/10\/www-form-model-biznesowy.docx\">Angebotsformular<\/a><\/p>\n","protected":false},"excerpt":{"rendered":"<p>ICT Vom Europ\u00e4ischen Fonds f\u00fcr regionale Entwicklung kofinanziertes Projekt &#8222;Erh\u00f6hung des Anteils der IKT im Unternehmen PRESCOT&#8220; im Rahmen des regionalen operationellen Programms der Woiwodschaft Ermland-Masuren 2014 &#8211; 2020. Priorit\u00e4tsachse I: Intelligente Wirtschaft in Ermland und Masuren Aktion 1.4 Neue Modelle und Erweiterung. Unterma\u00dfnahme 1.4.3 &#8211; Informations- und Kommunikationstechnologien in der T\u00e4tigkeit von KMU Wert [&hellip;]<\/p>\n","protected":false},"author":1,"featured_media":0,"parent":0,"menu_order":0,"comment_status":"closed","ping_status":"closed","template":"template-ue.php","meta":{"_acf_changed":false,"footnotes":""},"class_list":["post-2608","page","type-page","status-publish","hentry"],"acf":[],"yoast_head":"<!-- This site is optimized with the Yoast SEO plugin v27.6 - https:\/\/yoast.com\/product\/yoast-seo-wordpress\/ -->\n<title>Europ\u00e4ische Union &#8211; Prescot<\/title>\n<meta name=\"robots\" content=\"index, follow, max-snippet:-1, max-image-preview:large, max-video-preview:-1\" \/>\n<link rel=\"canonical\" href=\"https:\/\/prescot.pl\/de\/europaeische-union\/\" \/>\n<meta property=\"og:locale\" content=\"de_DE\" \/>\n<meta property=\"og:type\" content=\"article\" \/>\n<meta property=\"og:title\" content=\"Europ\u00e4ische Union &#8211; Prescot\" \/>\n<meta property=\"og:description\" content=\"ICT Vom Europ\u00e4ischen Fonds f\u00fcr regionale Entwicklung kofinanziertes Projekt &#8222;Erh\u00f6hung des Anteils der IKT im Unternehmen PRESCOT&#8220; im Rahmen des regionalen operationellen Programms der Woiwodschaft Ermland-Masuren 2014 &#8211; 2020. Priorit\u00e4tsachse I: Intelligente Wirtschaft in Ermland und Masuren Aktion 1.4 Neue Modelle und Erweiterung. Unterma\u00dfnahme 1.4.3 &#8211; Informations- und Kommunikationstechnologien in der T\u00e4tigkeit von KMU Wert [&hellip;]\" \/>\n<meta property=\"og:url\" content=\"https:\/\/prescot.pl\/de\/europaeische-union\/\" \/>\n<meta property=\"og:site_name\" content=\"Prescot\" \/>\n<meta property=\"article:publisher\" content=\"https:\/\/www.facebook.com\/prescot.gizycko\" \/>\n<meta property=\"article:modified_time\" content=\"2023-06-02T07:12:38+00:00\" \/>\n<meta property=\"og:image\" content=\"https:\/\/prescot.pl\/wp-content\/uploads\/2021\/10\/1.jpg\" \/>\n\t<meta property=\"og:image:width\" content=\"1200\" \/>\n\t<meta property=\"og:image:height\" content=\"630\" \/>\n\t<meta property=\"og:image:type\" content=\"image\/jpeg\" \/>\n<meta name=\"twitter:card\" content=\"summary_large_image\" \/>\n<meta name=\"twitter:label1\" content=\"Gesch\u00e4tzte Lesezeit\" \/>\n\t<meta name=\"twitter:data1\" content=\"2\u00a0Minuten\" \/>\n<script type=\"application\/ld+json\" class=\"yoast-schema-graph\">{\"@context\":\"https:\\\/\\\/schema.org\",\"@graph\":[{\"@type\":\"WebPage\",\"@id\":\"https:\\\/\\\/prescot.pl\\\/de\\\/europaeische-union\\\/\",\"url\":\"https:\\\/\\\/prescot.pl\\\/de\\\/europaeische-union\\\/\",\"name\":\"Europ\u00e4ische Union &#8211; Prescot\",\"isPartOf\":{\"@id\":\"https:\\\/\\\/prescot.pl\\\/de\\\/#website\"},\"datePublished\":\"2023-06-01T15:27:56+00:00\",\"dateModified\":\"2023-06-02T07:12:38+00:00\",\"breadcrumb\":{\"@id\":\"https:\\\/\\\/prescot.pl\\\/de\\\/europaeische-union\\\/#breadcrumb\"},\"inLanguage\":\"de\",\"potentialAction\":[{\"@type\":\"ReadAction\",\"target\":[\"https:\\\/\\\/prescot.pl\\\/de\\\/europaeische-union\\\/\"]}]},{\"@type\":\"BreadcrumbList\",\"@id\":\"https:\\\/\\\/prescot.pl\\\/de\\\/europaeische-union\\\/#breadcrumb\",\"itemListElement\":[{\"@type\":\"ListItem\",\"position\":1,\"name\":\"Strona g\u0142\u00f3wna\",\"item\":\"https:\\\/\\\/prescot.pl\\\/de\\\/\"},{\"@type\":\"ListItem\",\"position\":2,\"name\":\"Europ\u00e4ische Union\"}]},{\"@type\":\"WebSite\",\"@id\":\"https:\\\/\\\/prescot.pl\\\/de\\\/#website\",\"url\":\"https:\\\/\\\/prescot.pl\\\/de\\\/\",\"name\":\"Prescot\",\"description\":\"\",\"alternateName\":\"Polski producent o\u015bwietlenia LED\",\"potentialAction\":[{\"@type\":\"SearchAction\",\"target\":{\"@type\":\"EntryPoint\",\"urlTemplate\":\"https:\\\/\\\/prescot.pl\\\/de\\\/?s={search_term_string}\"},\"query-input\":{\"@type\":\"PropertyValueSpecification\",\"valueRequired\":true,\"valueName\":\"search_term_string\"}}],\"inLanguage\":\"de\"}]}<\/script>\n<!-- \/ Yoast SEO plugin. -->","yoast_head_json":{"title":"Europ\u00e4ische Union &#8211; Prescot","robots":{"index":"index","follow":"follow","max-snippet":"max-snippet:-1","max-image-preview":"max-image-preview:large","max-video-preview":"max-video-preview:-1"},"canonical":"https:\/\/prescot.pl\/de\/europaeische-union\/","og_locale":"de_DE","og_type":"article","og_title":"Europ\u00e4ische Union &#8211; Prescot","og_description":"ICT Vom Europ\u00e4ischen Fonds f\u00fcr regionale Entwicklung kofinanziertes Projekt &#8222;Erh\u00f6hung des Anteils der IKT im Unternehmen PRESCOT&#8220; im Rahmen des regionalen operationellen Programms der Woiwodschaft Ermland-Masuren 2014 &#8211; 2020. Priorit\u00e4tsachse I: Intelligente Wirtschaft in Ermland und Masuren Aktion 1.4 Neue Modelle und Erweiterung. Unterma\u00dfnahme 1.4.3 &#8211; Informations- und Kommunikationstechnologien in der T\u00e4tigkeit von KMU Wert [&hellip;]","og_url":"https:\/\/prescot.pl\/de\/europaeische-union\/","og_site_name":"Prescot","article_publisher":"https:\/\/www.facebook.com\/prescot.gizycko","article_modified_time":"2023-06-02T07:12:38+00:00","og_image":[{"width":1200,"height":630,"url":"https:\/\/prescot.pl\/wp-content\/uploads\/2021\/10\/1.jpg","type":"image\/jpeg"}],"twitter_card":"summary_large_image","twitter_misc":{"Gesch\u00e4tzte Lesezeit":"2\u00a0Minuten"},"schema":{"@context":"https:\/\/schema.org","@graph":[{"@type":"WebPage","@id":"https:\/\/prescot.pl\/de\/europaeische-union\/","url":"https:\/\/prescot.pl\/de\/europaeische-union\/","name":"Europ\u00e4ische Union &#8211; Prescot","isPartOf":{"@id":"https:\/\/prescot.pl\/de\/#website"},"datePublished":"2023-06-01T15:27:56+00:00","dateModified":"2023-06-02T07:12:38+00:00","breadcrumb":{"@id":"https:\/\/prescot.pl\/de\/europaeische-union\/#breadcrumb"},"inLanguage":"de","potentialAction":[{"@type":"ReadAction","target":["https:\/\/prescot.pl\/de\/europaeische-union\/"]}]},{"@type":"BreadcrumbList","@id":"https:\/\/prescot.pl\/de\/europaeische-union\/#breadcrumb","itemListElement":[{"@type":"ListItem","position":1,"name":"Strona g\u0142\u00f3wna","item":"https:\/\/prescot.pl\/de\/"},{"@type":"ListItem","position":2,"name":"Europ\u00e4ische Union"}]},{"@type":"WebSite","@id":"https:\/\/prescot.pl\/de\/#website","url":"https:\/\/prescot.pl\/de\/","name":"Prescot","description":"","alternateName":"Polski producent o\u015bwietlenia LED","potentialAction":[{"@type":"SearchAction","target":{"@type":"EntryPoint","urlTemplate":"https:\/\/prescot.pl\/de\/?s={search_term_string}"},"query-input":{"@type":"PropertyValueSpecification","valueRequired":true,"valueName":"search_term_string"}}],"inLanguage":"de"}]}},"_links":{"self":[{"href":"https:\/\/prescot.pl\/de\/wp-json\/wp\/v2\/pages\/2608","targetHints":{"allow":["GET"]}}],"collection":[{"href":"https:\/\/prescot.pl\/de\/wp-json\/wp\/v2\/pages"}],"about":[{"href":"https:\/\/prescot.pl\/de\/wp-json\/wp\/v2\/types\/page"}],"author":[{"embeddable":true,"href":"https:\/\/prescot.pl\/de\/wp-json\/wp\/v2\/users\/1"}],"replies":[{"embeddable":true,"href":"https:\/\/prescot.pl\/de\/wp-json\/wp\/v2\/comments?post=2608"}],"version-history":[{"count":1,"href":"https:\/\/prescot.pl\/de\/wp-json\/wp\/v2\/pages\/2608\/revisions"}],"predecessor-version":[{"id":2609,"href":"https:\/\/prescot.pl\/de\/wp-json\/wp\/v2\/pages\/2608\/revisions\/2609"}],"wp:attachment":[{"href":"https:\/\/prescot.pl\/de\/wp-json\/wp\/v2\/media?parent=2608"}],"curies":[{"name":"wp","href":"https:\/\/api.w.org\/{rel}","templated":true}]}}